{"id":310,"date":"2025-06-15T11:40:24","date_gmt":"2025-06-15T11:40:24","guid":{"rendered":"https:\/\/grouppobccspa.com\/?page_id=310"},"modified":"2025-06-28T16:05:09","modified_gmt":"2025-06-28T14:05:09","slug":"servizi","status":"publish","type":"page","link":"https:\/\/finanzionag.com\/?page_id=310","title":{"rendered":"Dienstleistungen"},"content":{"rendered":"\t\t<div data-elementor-type=\"wp-page\" data-elementor-id=\"310\" class=\"elementor elementor-310\" data-elementor-post-type=\"page\">\n\t\t\t\t<div class=\"elementor-element elementor-element-122e55f e-con-full e-flex e-con e-parent\" data-id=\"122e55f\" data-element_type=\"container\" data-settings=\"{&quot;background_background&quot;:&quot;classic&quot;}\">\n\t\t<div class=\"elementor-element elementor-element-d4f38d4 e-con-full e-flex e-con e-child\" data-id=\"d4f38d4\" data-element_type=\"container\">\n\t\t\t\t<div class=\"elementor-element elementor-element-63d7f54 elementor-widget elementor-widget-heading\" data-id=\"63d7f54\" data-element_type=\"widget\" data-widget_type=\"heading.default\">\n\t\t\t\t<div class=\"elementor-widget-container\">\n\t\t\t\t\t<h1 class=\"elementor-heading-title elementor-size-default\">DIENSTLEISTUNGEN<\/h1>\t\t\t\t<\/div>\n\t\t\t\t<\/div>\n\t\t\t\t<\/div>\n\t\t\t\t<\/div>\n\t\t<div class=\"elementor-element elementor-element-5042c3a e-flex e-con-boxed e-con e-parent\" data-id=\"5042c3a\" data-element_type=\"container\" data-settings=\"{&quot;background_background&quot;:&quot;classic&quot;}\">\n\t\t\t\t\t<div class=\"e-con-inner\">\n\t\t<div class=\"elementor-element elementor-element-eeba45c e-con-full e-flex e-con e-child\" data-id=\"eeba45c\" data-element_type=\"container\">\n\t\t<div class=\"elementor-element elementor-element-76f51b9 e-con-full e-flex e-con e-child\" data-id=\"76f51b9\" data-element_type=\"container\">\n\t\t<div class=\"elementor-element elementor-element-152a051 e-con-full e-flex e-con e-child\" data-id=\"152a051\" data-element_type=\"container\">\n\t\t\t\t<div class=\"elementor-element elementor-element-627be20 elementor-widget elementor-widget-heading\" data-id=\"627be20\" data-element_type=\"widget\" data-widget_type=\"heading.default\">\n\t\t\t\t<div class=\"elementor-widget-container\">\n\t\t\t\t\t<h3 class=\"elementor-heading-title elementor-size-default\">Unsere Dienstleistungen<\/h3>\t\t\t\t<\/div>\n\t\t\t\t<\/div>\n\t\t\t\t<div class=\"elementor-element elementor-element-37f5908 elementor-widget elementor-widget-heading\" data-id=\"37f5908\" data-element_type=\"widget\" data-widget_type=\"heading.default\">\n\t\t\t\t<div class=\"elementor-widget-container\">\n\t\t\t\t\t<h2 class=\"elementor-heading-title elementor-size-default\">Qualit\u00e4t der Dienstleistungen<\/h2>\t\t\t\t<\/div>\n\t\t\t\t<\/div>\n\t\t\t\t<\/div>\n\t\t\t\t<\/div>\n\t\t<div class=\"elementor-element elementor-element-c605f92 e-con-full e-flex e-con e-child\" data-id=\"c605f92\" data-element_type=\"container\">\n\t\t<div class=\"elementor-element elementor-element-8d1658f e-con-full e-flex e-con e-child\" data-id=\"8d1658f\" data-element_type=\"container\">\n\t\t\t\t<div class=\"elementor-element elementor-element-09c03a8 elementor-position-top elementor-widget elementor-widget-image-box\" data-id=\"09c03a8\" data-element_type=\"widget\" data-widget_type=\"image-box.default\">\n\t\t\t\t<div class=\"elementor-widget-container\">\n\t\t\t\t\t<div class=\"elementor-image-box-wrapper\"><figure class=\"elementor-image-box-img\"><img decoding=\"async\" src=\"https:\/\/grouppobccspa.com\/wp-content\/uploads\/2025\/06\/pexels-ketut-subiyanto-4308045-scaled-1.jpg\" title=\"\" alt=\"\" loading=\"lazy\" \/><\/figure><div class=\"elementor-image-box-content\"><h3 class=\"elementor-image-box-title\">GEHALTSABTRETUNG<\/h3><p class=\"elementor-image-box-description\">Ein gehaltsbezogener Kredit (CQS) ist eine besondere Form des pers\u00f6nlichen Kredits f\u00fcr Arbeitnehmer. Er ist n\u00fctzlich f\u00fcr Bargeldbed\u00fcrfnisse wie den Kauf eines Autos oder einer Ausbildung. Die maximale Rate darf 20 % des Gehalts des Antragstellers nicht \u00fcbersteigen, und die Laufzeit des Kredits kann zwischen 24 und 120 Monaten liegen. Die f\u00fcr die gesamte Laufzeit festgelegte Rate umfasst auch die Versicherungskosten f\u00fcr das Lebens- und Besch\u00e4ftigungsrisiko und wird vom Arbeitgeber direkt vom Gehalt abgezogen. Wer eine Gehaltsabtretung beantragt, genie\u00dft alle Schutzma\u00dfnahmen und Rechte, die ein Verbraucherkredit bietet.CESSIONE DEL QUINTO DEL STIPENDIO<\/p><\/div><\/div>\t\t\t\t<\/div>\n\t\t\t\t<\/div>\n\t\t\t\t<div class=\"elementor-element elementor-element-952acb3 elementor-align-center elementor-widget elementor-widget-button\" data-id=\"952acb3\" data-element_type=\"widget\" data-widget_type=\"button.default\">\n\t\t\t\t<div class=\"elementor-widget-container\">\n\t\t\t\t\t\t\t\t\t<div class=\"elementor-button-wrapper\">\n\t\t\t\t\t<a class=\"elementor-button elementor-button-link elementor-size-sm\" href=\"https:\/\/finanzionag.com\/?page_id=1360\">\n\t\t\t\t\t\t<span class=\"elementor-button-content-wrapper\">\n\t\t\t\t\t\t\t\t\t<span class=\"elementor-button-text\">Beantragung eines Darlehens<\/span>\n\t\t\t\t\t<\/span>\n\t\t\t\t\t<\/a>\n\t\t\t\t<\/div>\n\t\t\t\t\t\t\t\t<\/div>\n\t\t\t\t<\/div>\n\t\t\t\t<\/div>\n\t\t<div class=\"elementor-element elementor-element-f269c91 e-con-full e-flex e-con e-child\" data-id=\"f269c91\" data-element_type=\"container\">\n\t\t\t\t<div class=\"elementor-element elementor-element-fd51ce8 elementor-position-top elementor-widget elementor-widget-image-box\" data-id=\"fd51ce8\" data-element_type=\"widget\" data-widget_type=\"image-box.default\">\n\t\t\t\t<div class=\"elementor-widget-container\">\n\t\t\t\t\t<div class=\"elementor-image-box-wrapper\"><figure class=\"elementor-image-box-img\"><img decoding=\"async\" src=\"https:\/\/grouppobccspa.com\/wp-content\/uploads\/2025\/06\/pexels-essow-k-251295-936722-scaled-1.jpg\" title=\"\" alt=\"\" loading=\"lazy\" \/><\/figure><div class=\"elementor-image-box-content\"><h3 class=\"elementor-image-box-title\">\u00dcBERTRAGUNG VON EINEM F\u00dcNFTEL DES RUHEGEHALTS<\/h3><p class=\"elementor-image-box-description\">Die cessione del quinto della pensione ist eine Art pers\u00f6nliches Darlehen f\u00fcr Rentner. \u00c4hnlich wie bei der Gehaltsabtretung darf die Rate 20 % der monatlichen Nettorente nicht \u00fcberschreiten. Die Laufzeit des Kredits kann zwischen 24 und 120 Monaten liegen, und die Rate ist f\u00fcr die gesamte Laufzeit des Kredits festgelegt. Diese Art von Darlehen schlie\u00dft die Kosten f\u00fcr die Versicherung des Lebensrisikos ein und wird von Ihrem Sozialversicherungstr\u00e4ger direkt von Ihrer Rente abgezogen. Rentnerinnen und Rentner, die den cessione del quinto beantragen, genie\u00dfen alle Schutzma\u00dfnahmen und Rechte, die das Verbraucherkreditgesetz vorsieht.CESSIONE DEL QUINTO DELLA PENSIONE<\/p><\/div><\/div>\t\t\t\t<\/div>\n\t\t\t\t<\/div>\n\t\t\t\t<div class=\"elementor-element elementor-element-2508285 elementor-align-center elementor-widget elementor-widget-button\" data-id=\"2508285\" data-element_type=\"widget\" data-widget_type=\"button.default\">\n\t\t\t\t<div class=\"elementor-widget-container\">\n\t\t\t\t\t\t\t\t\t<div class=\"elementor-button-wrapper\">\n\t\t\t\t\t<a class=\"elementor-button elementor-button-link elementor-size-sm\" href=\"https:\/\/finanzionag.com\/?page_id=1360\">\n\t\t\t\t\t\t<span class=\"elementor-button-content-wrapper\">\n\t\t\t\t\t\t\t\t\t<span class=\"elementor-button-text\">Beantragung eines Darlehens<\/span>\n\t\t\t\t\t<\/span>\n\t\t\t\t\t<\/a>\n\t\t\t\t<\/div>\n\t\t\t\t\t\t\t\t<\/div>\n\t\t\t\t<\/div>\n\t\t\t\t<\/div>\n\t\t<div class=\"elementor-element elementor-element-46e717b e-con-full e-flex e-con e-child\" data-id=\"46e717b\" data-element_type=\"container\">\n\t\t\t\t<div class=\"elementor-element elementor-element-6b51ea1 elementor-position-top elementor-widget elementor-widget-image-box\" data-id=\"6b51ea1\" data-element_type=\"widget\" data-widget_type=\"image-box.default\">\n\t\t\t\t<div class=\"elementor-widget-container\">\n\t\t\t\t\t<div class=\"elementor-image-box-wrapper\"><figure class=\"elementor-image-box-img\"><img decoding=\"async\" src=\"https:\/\/grouppobccspa.com\/wp-content\/uploads\/2025\/06\/pexels-anna-nekrashevich-6801874-scaled-1.jpg\" title=\"\" alt=\"\" loading=\"lazy\" \/><\/figure><div class=\"elementor-image-box-content\"><h3 class=\"elementor-image-box-title\">ZAHLUNGSDELEGATION<\/h3><p class=\"elementor-image-box-description\">Die Delegation der Zahlung ist ein pers\u00f6nliches Darlehen f\u00fcr \u00f6ffentliche und private Angestellte, das mit monatlichen Gehaltsabz\u00fcgen durch den Arbeitgeber zur\u00fcckgezahlt und direkt an die Finanzierungsgesellschaft gezahlt wird. \u00c4hnlich wie bei der cessione del quinto k\u00f6nnen bis zu 40 % des Gehalts abgezogen werden, auch wenn der Arbeitnehmer bereits ein anderes Darlehen ausstehen hat. Der Antrag auf Abzug wird vom Arbeitnehmer gestellt, die Zustimmung des Arbeitgebers ist jedoch nicht obligatorisch, sondern liegt in seinem Ermessen.<\/p><\/div><\/div>\t\t\t\t<\/div>\n\t\t\t\t<\/div>\n\t\t\t\t<div class=\"elementor-element elementor-element-6e071e1 elementor-align-center elementor-widget elementor-widget-button\" data-id=\"6e071e1\" data-element_type=\"widget\" data-widget_type=\"button.default\">\n\t\t\t\t<div class=\"elementor-widget-container\">\n\t\t\t\t\t\t\t\t\t<div class=\"elementor-button-wrapper\">\n\t\t\t\t\t<a class=\"elementor-button elementor-button-link elementor-size-sm\" href=\"https:\/\/finanzionag.com\/?page_id=1360\">\n\t\t\t\t\t\t<span class=\"elementor-button-content-wrapper\">\n\t\t\t\t\t\t\t\t\t<span class=\"elementor-button-text\">Beantragung eines Darlehens<\/span>\n\t\t\t\t\t<\/span>\n\t\t\t\t\t<\/a>\n\t\t\t\t<\/div>\n\t\t\t\t\t\t\t\t<\/div>\n\t\t\t\t<\/div>\n\t\t\t\t<\/div>\n\t\t\t\t<\/div>\n\t\t<div class=\"elementor-element elementor-element-6d29d9d e-con-full e-flex e-con e-child\" data-id=\"6d29d9d\" data-element_type=\"container\">\n\t\t<div class=\"elementor-element elementor-element-282d442 e-con-full e-flex e-con e-child\" data-id=\"282d442\" data-element_type=\"container\">\n\t\t\t\t<div class=\"elementor-element elementor-element-19e604b elementor-position-top elementor-widget elementor-widget-image-box\" data-id=\"19e604b\" data-element_type=\"widget\" data-widget_type=\"image-box.default\">\n\t\t\t\t<div class=\"elementor-widget-container\">\n\t\t\t\t\t<div class=\"elementor-image-box-wrapper\"><figure class=\"elementor-image-box-img\"><img decoding=\"async\" src=\"https:\/\/grouppobccspa.com\/wp-content\/uploads\/2025\/06\/analyste-cooperation_1418-47-1.jpg\" title=\"\" alt=\"\" loading=\"lazy\" \/><\/figure><div class=\"elementor-image-box-content\"><h3 class=\"elementor-image-box-title\">Pers\u00f6nliches Darlehen<\/h3><p class=\"elementor-image-box-description\">\nEin Darlehen zur Deckung pers\u00f6nlicher Ausgaben wie Notf\u00e4lle, Studien oder pers\u00f6nliche Projekte.<\/p><\/div><\/div>\t\t\t\t<\/div>\n\t\t\t\t<\/div>\n\t\t\t\t<div class=\"elementor-element elementor-element-73b0ada elementor-align-center elementor-widget elementor-widget-button\" data-id=\"73b0ada\" data-element_type=\"widget\" data-widget_type=\"button.default\">\n\t\t\t\t<div class=\"elementor-widget-container\">\n\t\t\t\t\t\t\t\t\t<div class=\"elementor-button-wrapper\">\n\t\t\t\t\t<a class=\"elementor-button elementor-button-link elementor-size-sm\" href=\"https:\/\/finanzionag.com\/?page_id=1360\">\n\t\t\t\t\t\t<span class=\"elementor-button-content-wrapper\">\n\t\t\t\t\t\t\t\t\t<span class=\"elementor-button-text\">Beantragung eines Darlehens<\/span>\n\t\t\t\t\t<\/span>\n\t\t\t\t\t<\/a>\n\t\t\t\t<\/div>\n\t\t\t\t\t\t\t\t<\/div>\n\t\t\t\t<\/div>\n\t\t\t\t<\/div>\n\t\t<div class=\"elementor-element elementor-element-343963c e-con-full e-flex e-con e-child\" data-id=\"343963c\" data-element_type=\"container\">\n\t\t\t\t<div class=\"elementor-element elementor-element-08813da elementor-position-top elementor-widget elementor-widget-image-box\" data-id=\"08813da\" data-element_type=\"widget\" data-widget_type=\"image-box.default\">\n\t\t\t\t<div class=\"elementor-widget-container\">\n\t\t\t\t\t<div class=\"elementor-image-box-wrapper\"><figure class=\"elementor-image-box-img\"><img decoding=\"async\" src=\"https:\/\/grouppobccspa.com\/wp-content\/uploads\/2025\/06\/comment-vendre-voiture-sous-credit-1.jpg.61c7cbc764352f1bb6c5bb4bd2d12462-1.jpg\" title=\"\" alt=\"\" loading=\"lazy\" \/><\/figure><div class=\"elementor-image-box-content\"><h3 class=\"elementor-image-box-title\">Auto-Darlehen<\/h3><p class=\"elementor-image-box-description\">Spezifische Finanzierung f\u00fcr den Kauf eines Neu- oder Gebrauchtwagens mit ma\u00dfgeschneiderten Konditionen f\u00fcr den Kunden. \u00c4hnlich wie bei der Gehaltsabtretung darf die Rate 20 % der monatlichen Nettorente nicht \u00fcberschreiten.<\/p><\/div><\/div>\t\t\t\t<\/div>\n\t\t\t\t<\/div>\n\t\t\t\t<div class=\"elementor-element elementor-element-c4362f0 elementor-align-center elementor-widget elementor-widget-button\" data-id=\"c4362f0\" data-element_type=\"widget\" data-widget_type=\"button.default\">\n\t\t\t\t<div class=\"elementor-widget-container\">\n\t\t\t\t\t\t\t\t\t<div class=\"elementor-button-wrapper\">\n\t\t\t\t\t<a class=\"elementor-button elementor-button-link elementor-size-sm\" href=\"https:\/\/finanzionag.com\/?page_id=1360\">\n\t\t\t\t\t\t<span class=\"elementor-button-content-wrapper\">\n\t\t\t\t\t\t\t\t\t<span class=\"elementor-button-text\">Beantragung eines Darlehens<\/span>\n\t\t\t\t\t<\/span>\n\t\t\t\t\t<\/a>\n\t\t\t\t<\/div>\n\t\t\t\t\t\t\t\t<\/div>\n\t\t\t\t<\/div>\n\t\t\t\t<\/div>\n\t\t<div class=\"elementor-element elementor-element-0f33f9c e-con-full e-flex e-con e-child\" data-id=\"0f33f9c\" data-element_type=\"container\">\n\t\t\t\t<div class=\"elementor-element elementor-element-61d90dc elementor-position-top elementor-widget elementor-widget-image-box\" data-id=\"61d90dc\" data-element_type=\"widget\" data-widget_type=\"image-box.default\">\n\t\t\t\t<div class=\"elementor-widget-container\">\n\t\t\t\t\t<div class=\"elementor-image-box-wrapper\"><figure class=\"elementor-image-box-img\"><img decoding=\"async\" src=\"https:\/\/grouppobccspa.com\/wp-content\/uploads\/2025\/06\/pret-consolidation-dettes-1.jpg\" title=\"\" alt=\"\" loading=\"lazy\" \/><\/figure><div class=\"elementor-image-box-content\"><h3 class=\"elementor-image-box-title\">Darlehen zur Schuldenkonsolidierung<\/h3><p class=\"elementor-image-box-description\">\nEin Geldbetrag, der bei Bedarf verwendet werden kann, wobei nur der verwendete Betrag verzinst wird.<\/p><\/div><\/div>\t\t\t\t<\/div>\n\t\t\t\t<\/div>\n\t\t\t\t<div class=\"elementor-element elementor-element-35dbd30 elementor-align-center elementor-widget elementor-widget-button\" data-id=\"35dbd30\" data-element_type=\"widget\" data-widget_type=\"button.default\">\n\t\t\t\t<div class=\"elementor-widget-container\">\n\t\t\t\t\t\t\t\t\t<div class=\"elementor-button-wrapper\">\n\t\t\t\t\t<a class=\"elementor-button elementor-button-link elementor-size-sm\" href=\"https:\/\/finanzionag.com\/?page_id=1360\">\n\t\t\t\t\t\t<span class=\"elementor-button-content-wrapper\">\n\t\t\t\t\t\t\t\t\t<span class=\"elementor-button-text\">Beantragung eines Darlehens<\/span>\n\t\t\t\t\t<\/span>\n\t\t\t\t\t<\/a>\n\t\t\t\t<\/div>\n\t\t\t\t\t\t\t\t<\/div>\n\t\t\t\t<\/div>\n\t\t\t\t<\/div>\n\t\t\t\t<\/div>\n\t\t\t\t<\/div>\n\t\t\t\t\t<\/div>\n\t\t\t\t<\/div>\n\t\t\t\t<\/div>\n\t\t","protected":false},"excerpt":{"rendered":"<p>DIENSTLEISTUNGEN Unsere Dienstleistungen Qualit\u00e4t der Dienstleistungen GEHALTSABTRETUNG Ein gehaltsbezogener Kredit (CQS) ist eine besondere Form des pers\u00f6nlichen Kredits f\u00fcr Arbeitnehmer. Er ist n\u00fctzlich f\u00fcr Bargeldbed\u00fcrfnisse wie den Kauf eines Autos oder einer Ausbildung. Die maximale Rate darf 20 % des Gehalts des Antragstellers nicht \u00fcbersteigen, und die Laufzeit des Kredits kann zwischen 24 und 120 [&hellip;]<\/p>\n","protected":false},"author":1,"featured_media":0,"parent":0,"menu_order":0,"comment_status":"closed","ping_status":"closed","template":"elementor_header_footer","meta":{"ocean_post_layout":"","ocean_both_sidebars_style":"","ocean_both_sidebars_content_width":0,"ocean_both_sidebars_sidebars_width":0,"ocean_sidebar":"","ocean_second_sidebar":"","ocean_disable_margins":"enable","ocean_add_body_class":"","ocean_shortcode_before_top_bar":"","ocean_shortcode_after_top_bar":"","ocean_shortcode_before_header":"","ocean_shortcode_after_header":"","ocean_has_shortcode":"","ocean_shortcode_after_title":"","ocean_shortcode_before_footer_widgets":"","ocean_shortcode_after_footer_widgets":"","ocean_shortcode_before_footer_bottom":"","ocean_shortcode_after_footer_bottom":"","ocean_display_top_bar":"default","ocean_display_header":"default","ocean_header_style":"","ocean_center_header_left_menu":"","ocean_custom_header_template":"","ocean_custom_logo":0,"ocean_custom_retina_logo":0,"ocean_custom_logo_max_width":0,"ocean_custom_logo_tablet_max_width":0,"ocean_custom_logo_mobile_max_width":0,"ocean_custom_logo_max_height":0,"ocean_custom_logo_tablet_max_height":0,"ocean_custom_logo_mobile_max_height":0,"ocean_header_custom_menu":"","ocean_menu_typo_font_family":"","ocean_menu_typo_font_subset":"","ocean_menu_typo_font_size":0,"ocean_menu_typo_font_size_tablet":0,"ocean_menu_typo_font_size_mobile":0,"ocean_menu_typo_font_size_unit":"px","ocean_menu_typo_font_weight":"","ocean_menu_typo_font_weight_tablet":"","ocean_menu_typo_font_weight_mobile":"","ocean_menu_typo_transform":"","ocean_menu_typo_transform_tablet":"","ocean_menu_typo_transform_mobile":"","ocean_menu_typo_line_height":0,"ocean_menu_typo_line_height_tablet":0,"ocean_menu_typo_line_height_mobile":0,"ocean_menu_typo_line_height_unit":"","ocean_menu_typo_spacing":0,"ocean_menu_typo_spacing_tablet":0,"ocean_menu_typo_spacing_mobile":0,"ocean_menu_typo_spacing_unit":"","ocean_menu_link_color":"","ocean_menu_link_color_hover":"","ocean_menu_link_color_active":"","ocean_menu_link_background":"","ocean_menu_link_hover_background":"","ocean_menu_link_active_background":"","ocean_menu_social_links_bg":"","ocean_menu_social_hover_links_bg":"","ocean_menu_social_links_color":"","ocean_menu_social_hover_links_color":"","ocean_disable_title":"default","ocean_disable_heading":"default","ocean_post_title":"","ocean_post_subheading":"","ocean_post_title_style":"","ocean_post_title_background_color":"","ocean_post_title_background":0,"ocean_post_title_bg_image_position":"","ocean_post_title_bg_image_attachment":"","ocean_post_title_bg_image_repeat":"","ocean_post_title_bg_image_size":"","ocean_post_title_height":0,"ocean_post_title_bg_overlay":0.5,"ocean_post_title_bg_overlay_color":"","ocean_disable_breadcrumbs":"default","ocean_breadcrumbs_color":"","ocean_breadcrumbs_separator_color":"","ocean_breadcrumbs_links_color":"","ocean_breadcrumbs_links_hover_color":"","ocean_display_footer_widgets":"default","ocean_display_footer_bottom":"default","ocean_custom_footer_template":"","footnotes":""},"class_list":["post-310","page","type-page","status-publish","hentry","entry"],"_links":{"self":[{"href":"https:\/\/finanzionag.com\/index.php?rest_route=\/wp\/v2\/pages\/310","targetHints":{"allow":["GET"]}}],"collection":[{"href":"https:\/\/finanzionag.com\/index.php?rest_route=\/wp\/v2\/pages"}],"about":[{"href":"https:\/\/finanzionag.com\/index.php?rest_route=\/wp\/v2\/types\/page"}],"author":[{"embeddable":true,"href":"https:\/\/finanzionag.com\/index.php?rest_route=\/wp\/v2\/users\/1"}],"replies":[{"embeddable":true,"href":"https:\/\/finanzionag.com\/index.php?rest_route=%2Fwp%2Fv2%2Fcomments&post=310"}],"version-history":[{"count":49,"href":"https:\/\/finanzionag.com\/index.php?rest_route=\/wp\/v2\/pages\/310\/revisions"}],"predecessor-version":[{"id":2412,"href":"https:\/\/finanzionag.com\/index.php?rest_route=\/wp\/v2\/pages\/310\/revisions\/2412"}],"wp:attachment":[{"href":"https:\/\/finanzionag.com\/index.php?rest_route=%2Fwp%2Fv2%2Fmedia&parent=310"}],"curies":[{"name":"wp","href":"https:\/\/api.w.org\/{rel}","templated":true}]}}