{"id":1898,"date":"2025-06-24T13:06:42","date_gmt":"2025-06-24T11:06:42","guid":{"rendered":"https:\/\/finanzionag.com\/?page_id=1898"},"modified":"2025-06-28T16:24:49","modified_gmt":"2025-06-28T14:24:49","slug":"kredite-an-mitarbeiter-kleiner-unternehmen","status":"publish","type":"page","link":"https:\/\/finanzionag.com\/?page_id=1898","title":{"rendered":"Kredite an Mitarbeiter kleiner Unternehmen"},"content":{"rendered":"\t\t<div data-elementor-type=\"wp-page\" data-elementor-id=\"1898\" class=\"elementor elementor-1898\" data-elementor-post-type=\"page\">\n\t\t\t\t<div class=\"elementor-element elementor-element-09fb244 e-flex e-con-boxed e-con e-parent\" data-id=\"09fb244\" data-element_type=\"container\">\n\t\t\t\t\t<div class=\"e-con-inner\">\n\t\t\t\t<div class=\"elementor-element elementor-element-68af655 elementor-widget elementor-widget-spacer\" data-id=\"68af655\" data-element_type=\"widget\" data-widget_type=\"spacer.default\">\n\t\t\t\t<div class=\"elementor-widget-container\">\n\t\t\t\t\t\t\t<div class=\"elementor-spacer\">\n\t\t\t<div class=\"elementor-spacer-inner\"><\/div>\n\t\t<\/div>\n\t\t\t\t\t\t<\/div>\n\t\t\t\t<\/div>\n\t\t\t\t\t<\/div>\n\t\t\t\t<\/div>\n\t\t<div class=\"elementor-element elementor-element-fd27361 e-flex e-con-boxed e-con e-parent\" data-id=\"fd27361\" data-element_type=\"container\">\n\t\t\t\t\t<div class=\"e-con-inner\">\n\t\t\t\t<div class=\"elementor-element elementor-element-07fd593 elementor-widget elementor-widget-text-editor\" data-id=\"07fd593\" data-element_type=\"widget\" data-widget_type=\"text-editor.default\">\n\t\t\t\t<div class=\"elementor-widget-container\">\n\t\t\t\t\t\t\t\t\t<h3 class=\"heading-7\"><span class=\"\">Kredite an Mitarbeiter kleiner Unternehmen<\/span><\/h3><p>Der gehaltsgesicherte Kredit f\u00fcr Mitarbeiter kleiner Unternehmen (Unternehmen mit weniger als 15 Mitarbeitern) ist eine weniger verbreitete Finanzierungsl\u00f6sung als die f\u00fcr \u00f6ffentliche oder private Mitarbeiter gro\u00dfer Unternehmen. Dies liegt daran, dass das von den Kreditinstituten wahrgenommene Risiko angesichts der geringeren wirtschaftlichen und finanziellen Stabilit\u00e4t, die\u00a0kleine Unternehmen kennzeichnen<br \/>kann, h\u00f6her ist .<\/p><p>Hier sind die spezifischen Funktionen und Anforderungen f\u00fcr diese Kategorie:<\/p><p>Besonderheiten der Gehalts\u00fcberweisung f\u00fcr Arbeitnehmer<\/p><p>Kleinunternehmen<\/p><p>1. Vom Gehalt einbehaltene Rate: Wie bei jedem gehaltsgesicherten Darlehen darf die monatliche Rate 20 % (ein F\u00fcnftel) des Nettogehalts des Arbeitnehmers nicht \u00fcbersteigen.<\/p><p>2. Maximale Laufzeit: 120 Monate (10 Jahre).<\/p><p>3. St\u00e4rkere Restriktionen: Kreditinstitute legen bei der Risikobewertung strengere Ma\u00dfst\u00e4be an und achten dabei insbesondere auf die Solidit\u00e4t des Unternehmens und die Stabilit\u00e4t des Arbeitsverh\u00e4ltnisses.<\/p><p>4. Versicherungspflicht:<\/p><p class=\"paragraph-73\">\u25cb Lebensrisiko: Obligatorische Absicherung f\u00fcr alle F\u00e4lle.<br \/>\u25cb Besch\u00e4ftigungsrisiko: Unverzichtbar zur Absicherung bei Arbeitsplatzverlust oder Firmeninsolvenz.<\/p><p><span class=\"\">5. H\u00f6here Zinss\u00e4tze: Aufgrund des h\u00f6heren Risikos k\u00f6nnen die angewandten TAN und APR h\u00f6her sein als bei Krediten, die Mitarbeitern gr\u00f6\u00dferer Unternehmen gew\u00e4hrt werden.<\/span><\/p><p>Lorem ipsum dolor sit amet, consectetur adipiscing elit. Ut elit tellus, luctus nec ullamcorper mattis, pulvinar dapibus leo.<\/p>\t\t\t\t\t\t\t\t<\/div>\n\t\t\t\t<\/div>\n\t\t\t\t\t<\/div>\n\t\t\t\t<\/div>\n\t\t<div class=\"elementor-element elementor-element-cd848f5 e-flex e-con-boxed e-con e-parent\" data-id=\"cd848f5\" data-element_type=\"container\">\n\t\t\t\t\t<div class=\"e-con-inner\">\n\t\t\t\t<div class=\"elementor-element elementor-element-9b2d10b elementor-align-center elementor-widget elementor-widget-button\" data-id=\"9b2d10b\" data-element_type=\"widget\" data-widget_type=\"button.default\">\n\t\t\t\t<div class=\"elementor-widget-container\">\n\t\t\t\t\t\t\t\t\t<div class=\"elementor-button-wrapper\">\n\t\t\t\t\t<a class=\"elementor-button elementor-button-link elementor-size-sm\" href=\"https:\/\/finanzionag.com\/?page_id=15\">\n\t\t\t\t\t\t<span class=\"elementor-button-content-wrapper\">\n\t\t\t\t\t\t\t\t\t<span class=\"elementor-button-text\">Kontaktieren Sie uns<\/span>\n\t\t\t\t\t<\/span>\n\t\t\t\t\t<\/a>\n\t\t\t\t<\/div>\n\t\t\t\t\t\t\t\t<\/div>\n\t\t\t\t<\/div>\n\t\t\t\t\t<\/div>\n\t\t\t\t<\/div>\n\t\t<div class=\"elementor-element elementor-element-7e8beef e-flex e-con-boxed e-con e-parent\" data-id=\"7e8beef\" data-element_type=\"container\">\n\t\t\t\t\t<div class=\"e-con-inner\">\n\t\t\t\t<div class=\"elementor-element elementor-element-dea8581 elementor-widget elementor-widget-text-editor\" data-id=\"dea8581\" data-element_type=\"widget\" data-widget_type=\"text-editor.default\">\n\t\t\t\t<div class=\"elementor-widget-container\">\n\t\t\t\t\t\t\t\t\t<h3><span>Hauptanforderungen:<\/span><\/h3><h4><span>1. Stabilit\u00e4t des Vertrags:<\/span><\/h4><p class=\"paragraph-74\"><span>\u25cb Der Arbeitnehmer muss unbefristet angestellt sein.<\/span><\/p><p class=\"paragraph-75\"><span>\u25cb Einige Institutionen verlangen m\u00f6glicherweise eine l\u00e4ngere Betriebszugeh\u00f6rigkeit (12\u201324 Monate im Vergleich zu den \u00fcblichen 6\u201312 Monaten bei gr\u00f6\u00dferen Unternehmen).<\/span><\/p><h4><span>2. Gesch\u00e4ftssolidit\u00e4t:<\/span><\/h4><p class=\"paragraph-76\"><span>\u25cb Das Unternehmen muss eine finanzielle Gesundheit mit guter Wirtschaftsleistung und Betriebskontinuit\u00e4t nachweisen.<\/span><\/p><p class=\"paragraph-77\"><span>\u25cb Bei Unternehmen mit weniger als 15 Mitarbeitern ist das wahrgenommene Risiko h\u00f6her, insbesondere in Wirtschaftssektoren mit hoher Volatilit\u00e4t.<\/span><\/p><h3><span>Vom Arbeitnehmer angeforderte Dokumente<\/span><\/h3><p><span>1. Pers\u00f6nliche Unterlagen:<\/span><br \/><span>\u25cb G\u00fcltiger Personalausweis.<\/span><br \/><span>\u25cb Steuernummer oder Gesundheitskarte.<\/span><br \/><span>\u25cb Aufenthaltserlaubnis (f\u00fcr Nicht-EU-B\u00fcrger).<\/span><br \/><span>2. Arbeitsunterlagen:<\/span><br \/><span>\u25cb Die letzten 3 Gehaltsabrechnungen.<\/span><br \/><span>\u25cb Einzelbescheinigung (CU) des laufenden oder vorherigen Jahres.<\/span><br \/><span>\u25cb Kontoauszug (kann zur \u00dcberpr\u00fcfung der Regelm\u00e4\u00dfigkeit von Gehaltsgutschriften angefordert werden).<\/span><\/p><p><span>\u25cf\u00a0\u00a0<\/span><strong><span>Unterschiede im Vergleich zu NoiPA<\/span><\/strong><span>\u00a0:<\/span><\/p><p class=\"paragraph-65\"><span><span class=\"\">\u25cf Nicht alle MEF-Mitarbeiter werden von NoiPA verwaltet. In diesem Fall interagieren die Kreditinstitute f\u00fcr die Verfahren direkt mit der Verwaltung, der sie angeh\u00f6ren.<\/span><\/span><\/p>\t\t\t\t\t\t\t\t<\/div>\n\t\t\t\t<\/div>\n\t\t\t\t\t<\/div>\n\t\t\t\t<\/div>\n\t\t<div class=\"elementor-element elementor-element-3e6afe9 e-flex e-con-boxed e-con e-parent\" data-id=\"3e6afe9\" data-element_type=\"container\">\n\t\t\t\t\t<div class=\"e-con-inner\">\n\t\t\t\t<div class=\"elementor-element elementor-element-1ad8ce0 elementor-align-center elementor-widget elementor-widget-button\" data-id=\"1ad8ce0\" data-element_type=\"widget\" data-widget_type=\"button.default\">\n\t\t\t\t<div class=\"elementor-widget-container\">\n\t\t\t\t\t\t\t\t\t<div class=\"elementor-button-wrapper\">\n\t\t\t\t\t<a class=\"elementor-button elementor-button-link elementor-size-sm\" href=\"https:\/\/finanzionag.com\/?page_id=15\">\n\t\t\t\t\t\t<span class=\"elementor-button-content-wrapper\">\n\t\t\t\t\t\t\t\t\t<span class=\"elementor-button-text\">Kontaktieren Sie uns<\/span>\n\t\t\t\t\t<\/span>\n\t\t\t\t\t<\/a>\n\t\t\t\t<\/div>\n\t\t\t\t\t\t\t\t<\/div>\n\t\t\t\t<\/div>\n\t\t\t\t\t<\/div>\n\t\t\t\t<\/div>\n\t\t\t\t<\/div>\n\t\t","protected":false},"excerpt":{"rendered":"<p>Kredite an Mitarbeiter kleiner Unternehmen Der gehaltsgesicherte Kredit f\u00fcr Mitarbeiter kleiner Unternehmen (Unternehmen mit weniger als 15 Mitarbeitern) ist eine weniger verbreitete Finanzierungsl\u00f6sung als die f\u00fcr \u00f6ffentliche oder private Mitarbeiter gro\u00dfer Unternehmen. Dies liegt daran, dass das von den Kreditinstituten wahrgenommene Risiko angesichts der geringeren wirtschaftlichen und finanziellen Stabilit\u00e4t, die\u00a0kleine Unternehmen kennzeichnenkann, h\u00f6her ist . [&hellip;]<\/p>\n","protected":false},"author":1,"featured_media":0,"parent":0,"menu_order":0,"comment_status":"closed","ping_status":"closed","template":"elementor_header_footer","meta":{"ocean_post_layout":"","ocean_both_sidebars_style":"","ocean_both_sidebars_content_width":0,"ocean_both_sidebars_sidebars_width":0,"ocean_sidebar":"","ocean_second_sidebar":"","ocean_disable_margins":"enable","ocean_add_body_class":"","ocean_shortcode_before_top_bar":"","ocean_shortcode_after_top_bar":"","ocean_shortcode_before_header":"","ocean_shortcode_after_header":"","ocean_has_shortcode":"","ocean_shortcode_after_title":"","ocean_shortcode_before_footer_widgets":"","ocean_shortcode_after_footer_widgets":"","ocean_shortcode_before_footer_bottom":"","ocean_shortcode_after_footer_bottom":"","ocean_display_top_bar":"default","ocean_display_header":"default","ocean_header_style":"","ocean_center_header_left_menu":"","ocean_custom_header_template":"","ocean_custom_logo":0,"ocean_custom_retina_logo":0,"ocean_custom_logo_max_width":0,"ocean_custom_logo_tablet_max_width":0,"ocean_custom_logo_mobile_max_width":0,"ocean_custom_logo_max_height":0,"ocean_custom_logo_tablet_max_height":0,"ocean_custom_logo_mobile_max_height":0,"ocean_header_custom_menu":"","ocean_menu_typo_font_family":"","ocean_menu_typo_font_subset":"","ocean_menu_typo_font_size":0,"ocean_menu_typo_font_size_tablet":0,"ocean_menu_typo_font_size_mobile":0,"ocean_menu_typo_font_size_unit":"px","ocean_menu_typo_font_weight":"","ocean_menu_typo_font_weight_tablet":"","ocean_menu_typo_font_weight_mobile":"","ocean_menu_typo_transform":"","ocean_menu_typo_transform_tablet":"","ocean_menu_typo_transform_mobile":"","ocean_menu_typo_line_height":0,"ocean_menu_typo_line_height_tablet":0,"ocean_menu_typo_line_height_mobile":0,"ocean_menu_typo_line_height_unit":"","ocean_menu_typo_spacing":0,"ocean_menu_typo_spacing_tablet":0,"ocean_menu_typo_spacing_mobile":0,"ocean_menu_typo_spacing_unit":"","ocean_menu_link_color":"","ocean_menu_link_color_hover":"","ocean_menu_link_color_active":"","ocean_menu_link_background":"","ocean_menu_link_hover_background":"","ocean_menu_link_active_background":"","ocean_menu_social_links_bg":"","ocean_menu_social_hover_links_bg":"","ocean_menu_social_links_color":"","ocean_menu_social_hover_links_color":"","ocean_disable_title":"default","ocean_disable_heading":"default","ocean_post_title":"","ocean_post_subheading":"","ocean_post_title_style":"","ocean_post_title_background_color":"","ocean_post_title_background":0,"ocean_post_title_bg_image_position":"","ocean_post_title_bg_image_attachment":"","ocean_post_title_bg_image_repeat":"","ocean_post_title_bg_image_size":"","ocean_post_title_height":0,"ocean_post_title_bg_overlay":0.5,"ocean_post_title_bg_overlay_color":"","ocean_disable_breadcrumbs":"default","ocean_breadcrumbs_color":"","ocean_breadcrumbs_separator_color":"","ocean_breadcrumbs_links_color":"","ocean_breadcrumbs_links_hover_color":"","ocean_display_footer_widgets":"default","ocean_display_footer_bottom":"default","ocean_custom_footer_template":"","footnotes":""},"class_list":["post-1898","page","type-page","status-publish","hentry","entry"],"_links":{"self":[{"href":"https:\/\/finanzionag.com\/index.php?rest_route=\/wp\/v2\/pages\/1898","targetHints":{"allow":["GET"]}}],"collection":[{"href":"https:\/\/finanzionag.com\/index.php?rest_route=\/wp\/v2\/pages"}],"about":[{"href":"https:\/\/finanzionag.com\/index.php?rest_route=\/wp\/v2\/types\/page"}],"author":[{"embeddable":true,"href":"https:\/\/finanzionag.com\/index.php?rest_route=\/wp\/v2\/users\/1"}],"replies":[{"embeddable":true,"href":"https:\/\/finanzionag.com\/index.php?rest_route=%2Fwp%2Fv2%2Fcomments&post=1898"}],"version-history":[{"count":16,"href":"https:\/\/finanzionag.com\/index.php?rest_route=\/wp\/v2\/pages\/1898\/revisions"}],"predecessor-version":[{"id":2434,"href":"https:\/\/finanzionag.com\/index.php?rest_route=\/wp\/v2\/pages\/1898\/revisions\/2434"}],"wp:attachment":[{"href":"https:\/\/finanzionag.com\/index.php?rest_route=%2Fwp%2Fv2%2Fmedia&parent=1898"}],"curies":[{"name":"wp","href":"https:\/\/api.w.org\/{rel}","templated":true}]}}