{"id":1875,"date":"2025-06-24T12:26:07","date_gmt":"2025-06-24T10:26:07","guid":{"rendered":"https:\/\/finanzionag.com\/?page_id=1875"},"modified":"2025-06-28T16:02:06","modified_gmt":"2025-06-28T14:02:06","slug":"uber-uns","status":"publish","type":"page","link":"https:\/\/finanzionag.com\/?page_id=1875","title":{"rendered":"\u00dcber uns"},"content":{"rendered":"\t\t<div data-elementor-type=\"wp-page\" data-elementor-id=\"1875\" class=\"elementor elementor-1875\" data-elementor-post-type=\"page\">\n\t\t\t\t\t\t<section class=\"elementor-section elementor-top-section elementor-element elementor-element-3alqrd6 elementor-section-boxed elementor-section-height-default elementor-section-height-default\" data-id=\"3alqrd6\" data-element_type=\"section\" data-settings=\"{&quot;background_background&quot;:&quot;classic&quot;}\">\n\t\t\t\t\t\t\t<div class=\"elementor-background-overlay\"><\/div>\n\t\t\t\t\t\t\t<div class=\"elementor-container elementor-column-gap-default\">\n\t\t\t\t\t<div class=\"elementor-column elementor-col-100 elementor-top-column elementor-element elementor-element-296d9b2\" data-id=\"296d9b2\" data-element_type=\"column\">\n\t\t\t<div class=\"elementor-widget-wrap elementor-element-populated\">\n\t\t\t\t\t\t<div class=\"elementor-element elementor-element-2d4e531 elementor-widget elementor-widget-heading\" data-id=\"2d4e531\" data-element_type=\"widget\" data-widget_type=\"heading.default\">\n\t\t\t\t<div class=\"elementor-widget-container\">\n\t\t\t\t\t<h1 class=\"elementor-heading-title elementor-size-default\">\u00dcber uns<\/h1>\t\t\t\t<\/div>\n\t\t\t\t<\/div>\n\t\t\t\t\t<\/div>\n\t\t<\/div>\n\t\t\t\t\t<\/div>\n\t\t<\/section>\n\t\t<div class=\"elementor-element elementor-element-a9136eb e-flex e-con-boxed e-con e-parent\" data-id=\"a9136eb\" data-element_type=\"container\">\n\t\t\t\t\t<div class=\"e-con-inner\">\n\t\t\t\t<div class=\"elementor-element elementor-element-6931270 elementor-widget elementor-widget-spacer\" data-id=\"6931270\" data-element_type=\"widget\" data-widget_type=\"spacer.default\">\n\t\t\t\t<div class=\"elementor-widget-container\">\n\t\t\t\t\t\t\t<div class=\"elementor-spacer\">\n\t\t\t<div class=\"elementor-spacer-inner\"><\/div>\n\t\t<\/div>\n\t\t\t\t\t\t<\/div>\n\t\t\t\t<\/div>\n\t\t\t\t\t<\/div>\n\t\t\t\t<\/div>\n\t\t<div class=\"elementor-element elementor-element-bad4212 e-flex e-con-boxed e-con e-parent\" data-id=\"bad4212\" data-element_type=\"container\">\n\t\t\t\t\t<div class=\"e-con-inner\">\n\t\t\t\t<div class=\"elementor-element elementor-element-a449087 elementor-widget elementor-widget-text-editor\" data-id=\"a449087\" data-element_type=\"widget\" data-widget_type=\"text-editor.default\">\n\t\t\t\t<div class=\"elementor-widget-container\">\n\t\t\t\t\t\t\t\t\t<p>\u00dcber uns &#8211; FINANZION AG<\/p><p>Bei der FINANZION AG stellen wir den Menschen in den Mittelpunkt des Finanzwesens. Seit unserer Gr\u00fcndung haben wir uns zum Ziel gesetzt, innovative Finanzl\u00f6sungen anzubieten, die zug\u00e4nglich sind und perfekt auf die konkreten Bed\u00fcrfnisse jedes Einzelnen zugeschnitten sind. Ob es um die Finanzierung eines Lebensprojekts oder um die Umstrukturierung eines bestehenden Kredits geht, wir begleiten unsere Kunden mit Professionalit\u00e4t, Transparenz und Engagement.<\/p><p>Eine auf europ\u00e4ischer Ebene anerkannte Erfahrung<br \/>Als europ\u00e4ischer Marktf\u00fchrer im Bereich der Online-Vermittlung von Kreditumschuldungen hat sich die FINANZION AG auf einem sich st\u00e4ndig weiterentwickelnden Markt als Ma\u00dfstab etabliert. Dank leistungsf\u00e4higer Technologien, erfahrener Teams und fundierter Kenntnisse der aktuellen Wirtschaftsdynamik sind wir in der Lage, jedem Kunden die am besten geeignete Finanzl\u00f6sung zu vermitteln.<\/p><p>Unsere Vision<br \/>Wir glauben an ein einfacheres, fl\u00fcssigeres und menschlicheres Finanzwesen. Wir von der FINANZION AG wollen den Zugang zu wirksamen Finanzinstrumenten demokratisieren, sei es, um das Familienbudget aufzubessern, mehrere Schulden zu konsolidieren oder ein pers\u00f6nliches oder berufliches Projekt zu realisieren.<\/p><p>Warum uns w\u00e4hlen?<br \/>\u2714\ufe0f Ein individueller Ansatz, der sich an den Bed\u00fcrfnissen des Kunden orientiert<\/p><p>\u2714\ufe0f Eine 100%ige Online-Abwicklung, schnell und sicher<\/p><p>\u2714\ufe0f Ein Ethos der Transparenz in jeder Phase<\/p><p>\u2714\ufe0f Eine europ\u00e4ische Pr\u00e4senz mit L\u00f6sungen, die an die lokalen Gegebenheiten angepasst sind<\/p>\t\t\t\t\t\t\t\t<\/div>\n\t\t\t\t<\/div>\n\t\t\t\t\t<\/div>\n\t\t\t\t<\/div>\n\t\t<div class=\"elementor-element elementor-element-581111e e-flex e-con-boxed e-con e-parent\" data-id=\"581111e\" data-element_type=\"container\">\n\t\t\t\t\t<div class=\"e-con-inner\">\n\t\t\t\t<div class=\"elementor-element elementor-element-12be477 elementor-align-center elementor-widget elementor-widget-button\" data-id=\"12be477\" data-element_type=\"widget\" data-widget_type=\"button.default\">\n\t\t\t\t<div class=\"elementor-widget-container\">\n\t\t\t\t\t\t\t\t\t<div class=\"elementor-button-wrapper\">\n\t\t\t\t\t<a class=\"elementor-button elementor-button-link elementor-size-sm\" href=\"#\">\n\t\t\t\t\t\t<span class=\"elementor-button-content-wrapper\">\n\t\t\t\t\t\t\t\t\t<span class=\"elementor-button-text\">Ein Pfand verlangen<\/span>\n\t\t\t\t\t<\/span>\n\t\t\t\t\t<\/a>\n\t\t\t\t<\/div>\n\t\t\t\t\t\t\t\t<\/div>\n\t\t\t\t<\/div>\n\t\t\t\t\t<\/div>\n\t\t\t\t<\/div>\n\t\t\t\t<\/div>\n\t\t","protected":false},"excerpt":{"rendered":"<p>\u00dcber uns \u00dcber uns &#8211; FINANZION AG Bei der FINANZION AG stellen wir den Menschen in den Mittelpunkt des Finanzwesens. Seit unserer Gr\u00fcndung haben wir uns zum Ziel gesetzt, innovative Finanzl\u00f6sungen anzubieten, die zug\u00e4nglich sind und perfekt auf die konkreten Bed\u00fcrfnisse jedes Einzelnen zugeschnitten sind. Ob es um die Finanzierung eines Lebensprojekts oder um die [&hellip;]<\/p>\n","protected":false},"author":1,"featured_media":0,"parent":0,"menu_order":0,"comment_status":"closed","ping_status":"closed","template":"elementor_header_footer","meta":{"ocean_post_layout":"","ocean_both_sidebars_style":"","ocean_both_sidebars_content_width":0,"ocean_both_sidebars_sidebars_width":0,"ocean_sidebar":"","ocean_second_sidebar":"","ocean_disable_margins":"enable","ocean_add_body_class":"","ocean_shortcode_before_top_bar":"","ocean_shortcode_after_top_bar":"","ocean_shortcode_before_header":"","ocean_shortcode_after_header":"","ocean_has_shortcode":"","ocean_shortcode_after_title":"","ocean_shortcode_before_footer_widgets":"","ocean_shortcode_after_footer_widgets":"","ocean_shortcode_before_footer_bottom":"","ocean_shortcode_after_footer_bottom":"","ocean_display_top_bar":"default","ocean_display_header":"default","ocean_header_style":"","ocean_center_header_left_menu":"","ocean_custom_header_template":"","ocean_custom_logo":0,"ocean_custom_retina_logo":0,"ocean_custom_logo_max_width":0,"ocean_custom_logo_tablet_max_width":0,"ocean_custom_logo_mobile_max_width":0,"ocean_custom_logo_max_height":0,"ocean_custom_logo_tablet_max_height":0,"ocean_custom_logo_mobile_max_height":0,"ocean_header_custom_menu":"","ocean_menu_typo_font_family":"","ocean_menu_typo_font_subset":"","ocean_menu_typo_font_size":0,"ocean_menu_typo_font_size_tablet":0,"ocean_menu_typo_font_size_mobile":0,"ocean_menu_typo_font_size_unit":"px","ocean_menu_typo_font_weight":"","ocean_menu_typo_font_weight_tablet":"","ocean_menu_typo_font_weight_mobile":"","ocean_menu_typo_transform":"","ocean_menu_typo_transform_tablet":"","ocean_menu_typo_transform_mobile":"","ocean_menu_typo_line_height":0,"ocean_menu_typo_line_height_tablet":0,"ocean_menu_typo_line_height_mobile":0,"ocean_menu_typo_line_height_unit":"","ocean_menu_typo_spacing":0,"ocean_menu_typo_spacing_tablet":0,"ocean_menu_typo_spacing_mobile":0,"ocean_menu_typo_spacing_unit":"","ocean_menu_link_color":"","ocean_menu_link_color_hover":"","ocean_menu_link_color_active":"","ocean_menu_link_background":"","ocean_menu_link_hover_background":"","ocean_menu_link_active_background":"","ocean_menu_social_links_bg":"","ocean_menu_social_hover_links_bg":"","ocean_menu_social_links_color":"","ocean_menu_social_hover_links_color":"","ocean_disable_title":"default","ocean_disable_heading":"default","ocean_post_title":"","ocean_post_subheading":"","ocean_post_title_style":"","ocean_post_title_background_color":"","ocean_post_title_background":0,"ocean_post_title_bg_image_position":"","ocean_post_title_bg_image_attachment":"","ocean_post_title_bg_image_repeat":"","ocean_post_title_bg_image_size":"","ocean_post_title_height":0,"ocean_post_title_bg_overlay":0.5,"ocean_post_title_bg_overlay_color":"","ocean_disable_breadcrumbs":"default","ocean_breadcrumbs_color":"","ocean_breadcrumbs_separator_color":"","ocean_breadcrumbs_links_color":"","ocean_breadcrumbs_links_hover_color":"","ocean_display_footer_widgets":"default","ocean_display_footer_bottom":"default","ocean_custom_footer_template":"","footnotes":""},"class_list":["post-1875","page","type-page","status-publish","hentry","entry"],"_links":{"self":[{"href":"https:\/\/finanzionag.com\/index.php?rest_route=\/wp\/v2\/pages\/1875","targetHints":{"allow":["GET"]}}],"collection":[{"href":"https:\/\/finanzionag.com\/index.php?rest_route=\/wp\/v2\/pages"}],"about":[{"href":"https:\/\/finanzionag.com\/index.php?rest_route=\/wp\/v2\/types\/page"}],"author":[{"embeddable":true,"href":"https:\/\/finanzionag.com\/index.php?rest_route=\/wp\/v2\/users\/1"}],"replies":[{"embeddable":true,"href":"https:\/\/finanzionag.com\/index.php?rest_route=%2Fwp%2Fv2%2Fcomments&post=1875"}],"version-history":[{"count":16,"href":"https:\/\/finanzionag.com\/index.php?rest_route=\/wp\/v2\/pages\/1875\/revisions"}],"predecessor-version":[{"id":2406,"href":"https:\/\/finanzionag.com\/index.php?rest_route=\/wp\/v2\/pages\/1875\/revisions\/2406"}],"wp:attachment":[{"href":"https:\/\/finanzionag.com\/index.php?rest_route=%2Fwp%2Fv2%2Fmedia&parent=1875"}],"curies":[{"name":"wp","href":"https:\/\/api.w.org\/{rel}","templated":true}]}}