{"id":1360,"date":"2025-06-18T18:06:57","date_gmt":"2025-06-18T18:06:57","guid":{"rendered":"https:\/\/grouppobccspa.com\/?page_id=1360"},"modified":"2025-06-29T23:38:31","modified_gmt":"2025-06-29T21:38:31","slug":"contattateci-2","status":"publish","type":"page","link":"https:\/\/finanzionag.com\/?page_id=1360","title":{"rendered":"Beantragung eines Darlehens"},"content":{"rendered":"\t\t<div data-elementor-type=\"wp-page\" data-elementor-id=\"1360\" class=\"elementor elementor-1360\" data-elementor-post-type=\"page\">\n\t\t\t\t<div class=\"elementor-element elementor-element-9731434 e-flex e-con-boxed e-con e-parent\" data-id=\"9731434\" data-element_type=\"container\" data-settings=\"{&quot;background_background&quot;:&quot;classic&quot;}\">\n\t\t\t\t\t<div class=\"e-con-inner\">\n\t\t<div class=\"elementor-element elementor-element-7a8f4f6 e-con-full e-flex e-con e-child\" data-id=\"7a8f4f6\" data-element_type=\"container\">\n\t\t\t\t<div class=\"elementor-element elementor-element-6e34830 elementor-widget elementor-widget-heading\" data-id=\"6e34830\" data-element_type=\"widget\" data-widget_type=\"heading.default\">\n\t\t\t\t<div class=\"elementor-widget-container\">\n\t\t\t\t\t<h2 class=\"elementor-heading-title elementor-size-default\">Beantragung eines Darlehens<\/h2>\t\t\t\t<\/div>\n\t\t\t\t<\/div>\n\t\t\t\t<\/div>\n\t\t\t\t\t<\/div>\n\t\t\t\t<\/div>\n\t\t<div class=\"elementor-element elementor-element-616f9e0 e-con-full e-flex e-con e-parent\" data-id=\"616f9e0\" data-element_type=\"container\">\n\t\t\t\t<div class=\"elementor-element elementor-element-cab6e2b elementor-widget elementor-widget-spacer\" data-id=\"cab6e2b\" data-element_type=\"widget\" data-widget_type=\"spacer.default\">\n\t\t\t\t<div class=\"elementor-widget-container\">\n\t\t\t\t\t\t\t<div class=\"elementor-spacer\">\n\t\t\t<div class=\"elementor-spacer-inner\"><\/div>\n\t\t<\/div>\n\t\t\t\t\t\t<\/div>\n\t\t\t\t<\/div>\n\t\t\t\t<\/div>\n\t\t<div class=\"elementor-element elementor-element-74c1666 e-flex e-con-boxed e-con e-parent\" data-id=\"74c1666\" data-element_type=\"container\">\n\t\t\t\t\t<div class=\"e-con-inner\">\n\t\t\t\t<div class=\"elementor-element elementor-element-0d4bd93 elementor-widget elementor-widget-heading\" data-id=\"0d4bd93\" data-element_type=\"widget\" data-widget_type=\"heading.default\">\n\t\t\t\t<div class=\"elementor-widget-container\">\n\t\t\t\t\t<h1 class=\"elementor-heading-title elementor-size-default\">Jetzt bewerben<\/h1>\t\t\t\t<\/div>\n\t\t\t\t<\/div>\n\t\t\t\t\t<\/div>\n\t\t\t\t<\/div>\n\t\t<div class=\"elementor-element elementor-element-8e2db9d e-flex e-con-boxed e-con e-parent\" data-id=\"8e2db9d\" data-element_type=\"container\">\n\t\t\t\t\t<div class=\"e-con-inner\">\n\t\t\t\t<div class=\"elementor-element elementor-element-7d78572 elementor-widget elementor-widget-text-editor\" data-id=\"7d78572\" data-element_type=\"widget\" data-widget_type=\"text-editor.default\">\n\t\t\t\t<div class=\"elementor-widget-container\">\n\t\t\t\t\t\t\t\t\t<p>\u00a0<\/p><p>R\u00fcckzahlungszeitraum: 12 bis 240 Monate<\/p><p>Maximaler effektiver Jahreszins: 3 % (einschlie\u00dflich Provisionen und anderer Kosten f\u00fcr ein Jahr).<\/p><p>Repr\u00e4sentatives Beispiel: Bei einem Privatkredit von 10.000 EUR mit einer Laufzeit von 48 Monaten und einem effektiven Jahreszins von 3 % belaufen sich die Gesamtkosten des Kredits auf 1.300 EUR.<\/p><p>Unser Privatkredit erfordert nicht die R\u00fcckzahlung des gesamten geliehenen Betrags innerhalb von 60 Tagen ab dem Ausstellungsdatum.<\/p><p>Wir bieten eine Frist von 60 (2 Monate) bis 90 (3 Monate) Tagen ab dem Tag, an dem der Kreditnehmer den vollen Kreditbetrag erh\u00e4lt, bevor die R\u00fcckzahlung beginnt.<\/p><p>Bitte z\u00f6gern Sie nicht, sich mit uns in Verbindung zu setzen, wenn Sie Fragen haben oder weitere Informationen \u00fcber unsere pers\u00f6nlichen Kreditangebote w\u00fcnschen.<\/p>\t\t\t\t\t\t\t\t<\/div>\n\t\t\t\t<\/div>\n\t\t\t\t\t<\/div>\n\t\t\t\t<\/div>\n\t\t<div class=\"elementor-element elementor-element-42a69d0 e-flex e-con-boxed e-con e-parent\" data-id=\"42a69d0\" data-element_type=\"container\">\n\t\t\t\t\t<div class=\"e-con-inner\">\n\t\t\t\t<div class=\"elementor-element elementor-element-0010d15 elementor-widget elementor-widget-shortcode\" data-id=\"0010d15\" data-element_type=\"widget\" data-widget_type=\"shortcode.default\">\n\t\t\t\t<div class=\"elementor-widget-container\">\n\t\t\t\t\t\t\t<div class=\"elementor-shortcode\">\n<div class=\"wpcf7 no-js\" id=\"wpcf7-f2231-o1\" lang=\"fr-FR\" dir=\"ltr\" data-wpcf7-id=\"2231\">\n<div class=\"screen-reader-response\"><p role=\"status\" aria-live=\"polite\" aria-atomic=\"true\"><\/p> <ul><\/ul><\/div>\n<form action=\"\/index.php?rest_route=%2Fwp%2Fv2%2Fpages%2F1360#wpcf7-f2231-o1\" method=\"post\" class=\"wpcf7-form init\" aria-label=\"Formulaire de contact\" novalidate=\"novalidate\" data-status=\"init\">\n<fieldset class=\"hidden-fields-container\"><input type=\"hidden\" name=\"_wpcf7\" value=\"2231\" \/><input type=\"hidden\" name=\"_wpcf7_version\" value=\"6.1\" \/><input type=\"hidden\" name=\"_wpcf7_locale\" value=\"fr_FR\" \/><input type=\"hidden\" name=\"_wpcf7_unit_tag\" value=\"wpcf7-f2231-o1\" \/><input type=\"hidden\" name=\"_wpcf7_container_post\" value=\"0\" \/><input type=\"hidden\" name=\"_wpcf7_posted_data_hash\" value=\"\" \/>\n<\/fieldset>\n<p><label> Ihr Name<br \/>\n<span class=\"wpcf7-form-control-wrap\" data-name=\"tuo-nome\"><input size=\"40\" maxlength=\"400\" class=\"wpcf7-form-control wpcf7-text wpcf7-validates-as-required\" aria-required=\"true\" aria-invalid=\"false\" value=\"\" type=\"text\" name=\"tuo-nome\" \/><\/span> <\/label>\n<\/p>\n<p><label> Ihre E-Mail<br \/>\n<span class=\"wpcf7-form-control-wrap\" data-name=\"tuo-email\"><input size=\"40\" maxlength=\"400\" class=\"wpcf7-form-control wpcf7-email wpcf7-validates-as-required wpcf7-text wpcf7-validates-as-email\" aria-required=\"true\" aria-invalid=\"false\" value=\"\" type=\"email\" name=\"tuo-email\" \/><\/span> <\/label>\n<\/p>\n<p><label> Nationalit\u00e4t<br \/>\n<span class=\"wpcf7-form-control-wrap\" data-name=\"text-758\"><input size=\"40\" maxlength=\"400\" class=\"wpcf7-form-control wpcf7-text\" aria-invalid=\"false\" value=\"\" type=\"text\" name=\"text-758\" \/><\/span> <\/label>\n<\/p>\n<p><label> Heimatstadt<br \/>\n<span class=\"wpcf7-form-control-wrap\" data-name=\"text-545\"><input size=\"40\" maxlength=\"400\" class=\"wpcf7-form-control wpcf7-text wpcf7-validates-as-required\" aria-required=\"true\" aria-invalid=\"false\" value=\"\" type=\"text\" name=\"text-545\" \/><\/span> <\/label>\n<\/p>\n<p><label> IVollst\u00e4ndige Adresse<br \/>\n<span class=\"wpcf7-form-control-wrap\" data-name=\"Indirizzo\"><input size=\"40\" maxlength=\"400\" class=\"wpcf7-form-control wpcf7-text wpcf7-validates-as-required\" aria-required=\"true\" aria-invalid=\"false\" value=\"\" type=\"text\" name=\"Indirizzo\" \/><\/span> <\/label>\n<\/p>\n<p><label> Telefon<br \/>\n<span class=\"wpcf7-form-control-wrap\" data-name=\"tel-628\"><input size=\"40\" maxlength=\"400\" class=\"wpcf7-form-control wpcf7-tel wpcf7-validates-as-required wpcf7-text wpcf7-validates-as-tel\" aria-required=\"true\" aria-invalid=\"false\" value=\"\" type=\"tel\" name=\"tel-628\" \/><\/span> <\/label>\n<\/p>\n<p><label> Darlehensbetrag<br \/>\n<span class=\"wpcf7-form-control-wrap\" data-name=\"select-485\"><select class=\"wpcf7-form-control wpcf7-select wpcf7-validates-as-required\" aria-required=\"true\" aria-invalid=\"false\" name=\"select-485\"><option value=\"2 000\">2 000<\/option><option value=\"3 000\">3 000<\/option><option value=\"4 000\">4 000<\/option><option value=\"5 000\">5 000<\/option><option value=\"7 000\">7 000<\/option><option value=\"8 000\">8 000<\/option><option value=\"9 000\">9 000<\/option><option value=\"10 000\">10 000<\/option><option value=\"12 000\">12 000<\/option><option value=\"14 000\">14 000<\/option><option value=\"15 000\">15 000<\/option><option value=\"18 000\">18 000<\/option><option value=\"20 000\">20 000<\/option><option value=\"22 000\">22 000<\/option><option value=\"24 000\">24 000<\/option><option value=\"30 000\">30 000<\/option><option value=\"35 000\">35 000<\/option><option value=\"40 000\">40 000<\/option><option value=\"45 000\">45 000<\/option><option value=\"50 000\">50 000<\/option><option value=\"55 000\">55 000<\/option><option value=\"60 000\">60 000<\/option><option value=\"65 000\">65 000<\/option><option value=\"70 000\">70 000<\/option><option value=\"75 000\">75 000<\/option><option value=\"80 000\">80 000<\/option><option value=\"90 000\">90 000<\/option><option value=\"95 000\">95 000<\/option><option value=\"100 000\">100 000<\/option><option value=\"110 000\">110 000<\/option><option value=\"120 000\">120 000<\/option><option value=\"125 000\">125 000<\/option><option value=\"130 000\">130 000<\/option><option value=\"140 000\">140 000<\/option><option value=\"145 000\">145 000<\/option><option value=\"150 000\">150 000<\/option><option value=\"160 000\">160 000<\/option><option value=\"170 000\">170 000<\/option><option value=\"175 000\">175 000<\/option><option value=\"180 000\">180 000<\/option><option value=\"190 000\">190 000<\/option><option value=\"200 000\">200 000<\/option><option value=\"250 000\">250 000<\/option><option value=\"300 000\">300 000<\/option><\/select><\/span> <\/label>\n<\/p>\n<p><label> Zahlungsfrist in Monaten<br \/>\n<span class=\"wpcf7-form-control-wrap\" data-name=\"select-489\"><select class=\"wpcf7-form-control wpcf7-select wpcf7-validates-as-required\" aria-required=\"true\" aria-invalid=\"false\" name=\"select-489\"><option value=\"\">Zahlungsfrist in Monaten<\/option><option value=\"12 monate\">12 monate<\/option><option value=\"24 monate\">24 monate<\/option><option value=\"36 monate\">36 monate<\/option><option value=\"48 monate\">48 monate<\/option><option value=\"60 monate\">60 monate<\/option><option value=\"72 monate\">72 monate<\/option><option value=\"84 monate\">84 monate<\/option><option value=\"96 monate\">96 monate<\/option><option value=\"108 monate\">108 monate<\/option><option value=\"120 monate\">120 monate<\/option><option value=\"132 monate\">132 monate<\/option><option value=\"144 monate\">144 monate<\/option><option value=\"156 monate\">156 monate<\/option><option value=\"168 monate\">168 monate<\/option><option value=\"180 monate\">180 monate<\/option><option value=\"192 monate\">192 monate<\/option><option value=\"204 monate\">204 monate<\/option><option value=\"216 monate\">216 monate<\/option><option value=\"228 monate\">228 monate<\/option><option value=\"240 monate\">240 monate<\/option><option value=\"252 monate\">252 monate<\/option><option value=\"264 monate\">264 monate<\/option><option value=\"276 monate\">276 monate<\/option><option value=\"288 monate\">288 monate<\/option><option value=\"300 monate\">300 monate<\/option><\/select><\/span> <\/label>\n<\/p>\n<p><label> Jahreseinkommen<br \/>\n<span class=\"wpcf7-form-control-wrap\" data-name=\"number-399\"><input class=\"wpcf7-form-control wpcf7-number wpcf7-validates-as-required wpcf7-validates-as-number full-width\" min=\"2000\" max=\"9000000\" aria-required=\"true\" aria-invalid=\"false\" placeholder=\"\" value=\"\" type=\"number\" name=\"number-399\" \/><\/span> <\/label>\n<\/p>\n<p><input class=\"wpcf7-form-control wpcf7-submit has-spinner\" type=\"submit\" value=\"Senden\" \/>\n<\/p><div class=\"wpcf7-response-output\" aria-hidden=\"true\"><\/div>\n<\/form>\n<\/div>\n<\/div>\n\t\t\t\t\t\t<\/div>\n\t\t\t\t<\/div>\n\t\t\t\t\t<\/div>\n\t\t\t\t<\/div>\n\t\t<div class=\"elementor-element elementor-element-df05a98 e-flex e-con-boxed e-con e-parent\" data-id=\"df05a98\" data-element_type=\"container\">\n\t\t\t\t\t<div class=\"e-con-inner\">\n\t\t\t\t<div class=\"elementor-element elementor-element-f3e918a elementor-widget elementor-widget-text-editor\" data-id=\"f3e918a\" data-element_type=\"widget\" data-widget_type=\"text-editor.default\">\n\t\t\t\t<div class=\"elementor-widget-container\">\n\t\t\t\t\t\t\t\t\t<p>Wir bei FINANZION AG sch\u00e4tzen die Privatsph\u00e4re und die Sicherheit der Daten unserer Nutzer und verpflichten uns, die Vertraulichkeit aller Informationen, die wir von Ihnen sammeln, zu sch\u00fctzen. Erfassung und Verwendung personenbezogener Daten: Wir erfassen personenbezogene Daten wie Ihren Namen, Ihre E-Mail-Adresse und Telefonnummer, wenn Sie sich auf unserer Website registrieren oder eine Bestellung aufgeben. Wir verwenden diese Daten, um Sie mit aktuellen Informationen \u00fcber unsere Website, Dienstleistungen und Produkte zu versorgen. Wir geben Ihre pers\u00f6nlichen Daten nicht an Dritte weiter. Sicherheit: Wir haben angemessene Sicherheitsma\u00dfnahmen getroffen, um Ihre pers\u00f6nlichen Daten vor unbefugtem Zugriff, Verwendung oder Offenlegung zu sch\u00fctzen. Wir werden Ihre pers\u00f6nlichen Daten nur f\u00fcr einen begrenzten Zeitraum aufbewahren.\u00c4nderungen der Datenschutzrichtlinie Wir behalten uns das Recht vor, diese Datenschutzrichtlinie jederzeit zu \u00e4ndern. Die \u00c4nderungen treten in Kraft, sobald sie auf unserer Website ver\u00f6ffentlicht werden. Kontakt Wenn Sie Fragen oder Bedenken zu unserer Datenschutzrichtlinie haben, wenden Sie sich bitte an die folgende E-Mail-Adresse: <a href=\"mailto:contact@grouppobccspa.com\">contact@finanzionag.com<\/a><\/p>\t\t\t\t\t\t\t\t<\/div>\n\t\t\t\t<\/div>\n\t\t\t\t\t<\/div>\n\t\t\t\t<\/div>\n\t\t\t\t<\/div>\n\t\t","protected":false},"excerpt":{"rendered":"<p>Beantragung eines Darlehens Jetzt bewerben \u00a0 R\u00fcckzahlungszeitraum: 12 bis 240 Monate Maximaler effektiver Jahreszins: 3 % (einschlie\u00dflich Provisionen und anderer Kosten f\u00fcr ein Jahr). Repr\u00e4sentatives Beispiel: Bei einem Privatkredit von 10.000 EUR mit einer Laufzeit von 48 Monaten und einem effektiven Jahreszins von 3 % belaufen sich die Gesamtkosten des Kredits auf 1.300 EUR. Unser [&hellip;]<\/p>\n","protected":false},"author":1,"featured_media":0,"parent":0,"menu_order":0,"comment_status":"closed","ping_status":"closed","template":"elementor_header_footer","meta":{"ocean_post_layout":"","ocean_both_sidebars_style":"","ocean_both_sidebars_content_width":0,"ocean_both_sidebars_sidebars_width":0,"ocean_sidebar":"","ocean_second_sidebar":"","ocean_disable_margins":"enable","ocean_add_body_class":"","ocean_shortcode_before_top_bar":"","ocean_shortcode_after_top_bar":"","ocean_shortcode_before_header":"","ocean_shortcode_after_header":"","ocean_has_shortcode":"","ocean_shortcode_after_title":"","ocean_shortcode_before_footer_widgets":"","ocean_shortcode_after_footer_widgets":"","ocean_shortcode_before_footer_bottom":"","ocean_shortcode_after_footer_bottom":"","ocean_display_top_bar":"default","ocean_display_header":"default","ocean_header_style":"","ocean_center_header_left_menu":"","ocean_custom_header_template":"","ocean_custom_logo":0,"ocean_custom_retina_logo":0,"ocean_custom_logo_max_width":0,"ocean_custom_logo_tablet_max_width":0,"ocean_custom_logo_mobile_max_width":0,"ocean_custom_logo_max_height":0,"ocean_custom_logo_tablet_max_height":0,"ocean_custom_logo_mobile_max_height":0,"ocean_header_custom_menu":"","ocean_menu_typo_font_family":"","ocean_menu_typo_font_subset":"","ocean_menu_typo_font_size":0,"ocean_menu_typo_font_size_tablet":0,"ocean_menu_typo_font_size_mobile":0,"ocean_menu_typo_font_size_unit":"px","ocean_menu_typo_font_weight":"","ocean_menu_typo_font_weight_tablet":"","ocean_menu_typo_font_weight_mobile":"","ocean_menu_typo_transform":"","ocean_menu_typo_transform_tablet":"","ocean_menu_typo_transform_mobile":"","ocean_menu_typo_line_height":0,"ocean_menu_typo_line_height_tablet":0,"ocean_menu_typo_line_height_mobile":0,"ocean_menu_typo_line_height_unit":"","ocean_menu_typo_spacing":0,"ocean_menu_typo_spacing_tablet":0,"ocean_menu_typo_spacing_mobile":0,"ocean_menu_typo_spacing_unit":"","ocean_menu_link_color":"","ocean_menu_link_color_hover":"","ocean_menu_link_color_active":"","ocean_menu_link_background":"","ocean_menu_link_hover_background":"","ocean_menu_link_active_background":"","ocean_menu_social_links_bg":"","ocean_menu_social_hover_links_bg":"","ocean_menu_social_links_color":"","ocean_menu_social_hover_links_color":"","ocean_disable_title":"default","ocean_disable_heading":"default","ocean_post_title":"","ocean_post_subheading":"","ocean_post_title_style":"","ocean_post_title_background_color":"","ocean_post_title_background":0,"ocean_post_title_bg_image_position":"","ocean_post_title_bg_image_attachment":"","ocean_post_title_bg_image_repeat":"","ocean_post_title_bg_image_size":"","ocean_post_title_height":0,"ocean_post_title_bg_overlay":0.5,"ocean_post_title_bg_overlay_color":"","ocean_disable_breadcrumbs":"default","ocean_breadcrumbs_color":"","ocean_breadcrumbs_separator_color":"","ocean_breadcrumbs_links_color":"","ocean_breadcrumbs_links_hover_color":"","ocean_display_footer_widgets":"default","ocean_display_footer_bottom":"default","ocean_custom_footer_template":"","footnotes":""},"class_list":["post-1360","page","type-page","status-publish","hentry","entry"],"_links":{"self":[{"href":"https:\/\/finanzionag.com\/index.php?rest_route=\/wp\/v2\/pages\/1360","targetHints":{"allow":["GET"]}}],"collection":[{"href":"https:\/\/finanzionag.com\/index.php?rest_route=\/wp\/v2\/pages"}],"about":[{"href":"https:\/\/finanzionag.com\/index.php?rest_route=\/wp\/v2\/types\/page"}],"author":[{"embeddable":true,"href":"https:\/\/finanzionag.com\/index.php?rest_route=\/wp\/v2\/users\/1"}],"replies":[{"embeddable":true,"href":"https:\/\/finanzionag.com\/index.php?rest_route=%2Fwp%2Fv2%2Fcomments&post=1360"}],"version-history":[{"count":37,"href":"https:\/\/finanzionag.com\/index.php?rest_route=\/wp\/v2\/pages\/1360\/revisions"}],"predecessor-version":[{"id":2517,"href":"https:\/\/finanzionag.com\/index.php?rest_route=\/wp\/v2\/pages\/1360\/revisions\/2517"}],"wp:attachment":[{"href":"https:\/\/finanzionag.com\/index.php?rest_route=%2Fwp%2Fv2%2Fmedia&parent=1360"}],"curies":[{"name":"wp","href":"https:\/\/api.w.org\/{rel}","templated":true}]}}