{"id":1257,"date":"2025-06-18T12:09:11","date_gmt":"2025-06-18T12:09:11","guid":{"rendered":"https:\/\/grouppobccspa.com\/?page_id=1257"},"modified":"2025-06-28T22:15:22","modified_gmt":"2025-06-28T20:15:22","slug":"trasparenza","status":"publish","type":"page","link":"https:\/\/finanzionag.com\/?page_id=1257","title":{"rendered":"Politik der Transparenz"},"content":{"rendered":"\t\t<div data-elementor-type=\"wp-page\" data-elementor-id=\"1257\" class=\"elementor elementor-1257\" data-elementor-post-type=\"page\">\n\t\t\t\t<div class=\"elementor-element elementor-element-db52a18 e-flex e-con-boxed e-con e-parent\" data-id=\"db52a18\" data-element_type=\"container\">\n\t\t\t\t\t<div class=\"e-con-inner\">\n\t\t\t\t<div class=\"elementor-element elementor-element-94f91d9 elementor-widget elementor-widget-spacer\" data-id=\"94f91d9\" data-element_type=\"widget\" data-widget_type=\"spacer.default\">\n\t\t\t\t<div class=\"elementor-widget-container\">\n\t\t\t\t\t\t\t<div class=\"elementor-spacer\">\n\t\t\t<div class=\"elementor-spacer-inner\"><\/div>\n\t\t<\/div>\n\t\t\t\t\t\t<\/div>\n\t\t\t\t<\/div>\n\t\t\t\t\t<\/div>\n\t\t\t\t<\/div>\n\t\t<div class=\"elementor-element elementor-element-7ead629 e-flex e-con-boxed e-con e-parent\" data-id=\"7ead629\" data-element_type=\"container\">\n\t\t\t\t\t<div class=\"e-con-inner\">\n\t\t\t\t<div class=\"elementor-element elementor-element-9f70277 elementor-widget elementor-widget-text-editor\" data-id=\"9f70277\" data-element_type=\"widget\" data-widget_type=\"text-editor.default\">\n\t\t\t\t<div class=\"elementor-widget-container\">\n\t\t\t\t\t\t\t\t\t<h3>Verschmelzung der Gesellschaft \u201eCofidis S.p.A.\u201c auf \u201eCofidis S.A.\u201c durch Aufnahme<\/h3><p><a href=\"https:\/\/www.cofidis.it\/it\/download\/trasparenza\/operazione-fusione-incorporazione-societa-cofidis-spa-cofidis-sa.pdf\">Verschmelzung der Gesellschaft \u201cCofidis S.p.A.\u201d in \u201cCofidis S.A.\u201d \u00a0[PDF &#8211; 115 KB]<\/a><\/p><p>Der Leitfaden der Bank von Allemagne\u00a0\u00a0<\/p><p>Verbraucherkredite in einfachen Worten:<a style=\"font-size: 16px;\" href=\"https:\/\/www.cofidis.it\/it\/download\/trasparenza\/il-credito-ai-consumatori_ita.pdf\"> [PDF &#8211; 1.116 KB]<\/a><\/p><p>Verbraucherkredit-Produkte<\/p><p>Faksimile des Europ\u00e4ischen Hintergrunddokuments f\u00fcr Verbraucherkredite (SECCI) f\u00fcr Darlehen gegen Abtretung von Gehalts-, Lohn- oder Rentenanteilen:\u00a0<a style=\"font-size: 16px;\" href=\"https:\/\/www.cofidis.it\/it\/download\/trasparenza\/SECCI_CQ0124_facsimile.pdf\"> [PDF &#8211; 406 KB]<\/a><\/p><p><a href=\"https:\/\/www.cofidis.it\/it\/download\/trasparenza\/SECCI_CQ0124_facsimile.pdf\">Fac-simile Contratto Linea di Prestito contro Cessione di Quote dello Stipendio, Salario o Pensione \u00a0[PDF &#8211; 572 KB]<\/a><\/p><p><a href=\"https:\/\/www.cofidis.it\/it\/download\/trasparenza\/SECCI_DP0124_facsimile.pdf\">Faksimile des Europ\u00e4ischen Hintergrunddokuments f\u00fcr Verbraucherkredite (SECCI) f\u00fcr das Darlehen mit unwiderruflicher Abtretung der Zahlung mit R\u00fcckgriff auf den Arbeitgeber [PDF &#8211; 355 KB]<\/a><\/p><p><a href=\"https:\/\/www.cofidis.it\/it\/download\/trasparenza\/CONTRATTO_DP0124_facsimile.pdf\">Faksimile-Darlehensvertrag mit unwiderruflicher Delegation der Zahlung \u201emit R\u00fcckgriff\u201c auf den Arbeitgeber [PDF &#8211; 460 KB]<\/a><\/p>\t\t\t\t\t\t\t\t<\/div>\n\t\t\t\t<\/div>\n\t\t\t\t\t<\/div>\n\t\t\t\t<\/div>\n\t\t<div class=\"elementor-element elementor-element-99b1c86 e-flex e-con-boxed e-con e-parent\" data-id=\"99b1c86\" data-element_type=\"container\">\n\t\t\t\t\t<div class=\"e-con-inner\">\n\t\t\t\t<div class=\"elementor-element elementor-element-b0dcd43 elementor-widget elementor-widget-spacer\" data-id=\"b0dcd43\" data-element_type=\"widget\" data-widget_type=\"spacer.default\">\n\t\t\t\t<div class=\"elementor-widget-container\">\n\t\t\t\t\t\t\t<div class=\"elementor-spacer\">\n\t\t\t<div class=\"elementor-spacer-inner\"><\/div>\n\t\t<\/div>\n\t\t\t\t\t\t<\/div>\n\t\t\t\t<\/div>\n\t\t\t\t\t<\/div>\n\t\t\t\t<\/div>\n\t\t\t\t<\/div>\n\t\t","protected":false},"excerpt":{"rendered":"<p>Verschmelzung der Gesellschaft \u201eCofidis S.p.A.\u201c auf \u201eCofidis S.A.\u201c durch Aufnahme Verschmelzung der Gesellschaft \u201cCofidis S.p.A.\u201d in \u201cCofidis S.A.\u201d \u00a0[PDF &#8211; 115 KB] Der Leitfaden der Bank von Allemagne\u00a0\u00a0 Verbraucherkredite in einfachen Worten: [PDF &#8211; 1.116 KB] Verbraucherkredit-Produkte Faksimile des Europ\u00e4ischen Hintergrunddokuments f\u00fcr Verbraucherkredite (SECCI) f\u00fcr Darlehen gegen Abtretung von Gehalts-, Lohn- oder Rentenanteilen:\u00a0 [PDF &#8211; [&hellip;]<\/p>\n","protected":false},"author":1,"featured_media":0,"parent":0,"menu_order":0,"comment_status":"closed","ping_status":"closed","template":"elementor_header_footer","meta":{"ocean_post_layout":"","ocean_both_sidebars_style":"","ocean_both_sidebars_content_width":0,"ocean_both_sidebars_sidebars_width":0,"ocean_sidebar":"","ocean_second_sidebar":"","ocean_disable_margins":"enable","ocean_add_body_class":"","ocean_shortcode_before_top_bar":"","ocean_shortcode_after_top_bar":"","ocean_shortcode_before_header":"","ocean_shortcode_after_header":"","ocean_has_shortcode":"","ocean_shortcode_after_title":"","ocean_shortcode_before_footer_widgets":"","ocean_shortcode_after_footer_widgets":"","ocean_shortcode_before_footer_bottom":"","ocean_shortcode_after_footer_bottom":"","ocean_display_top_bar":"default","ocean_display_header":"default","ocean_header_style":"","ocean_center_header_left_menu":"","ocean_custom_header_template":"","ocean_custom_logo":0,"ocean_custom_retina_logo":0,"ocean_custom_logo_max_width":0,"ocean_custom_logo_tablet_max_width":0,"ocean_custom_logo_mobile_max_width":0,"ocean_custom_logo_max_height":0,"ocean_custom_logo_tablet_max_height":0,"ocean_custom_logo_mobile_max_height":0,"ocean_header_custom_menu":"","ocean_menu_typo_font_family":"","ocean_menu_typo_font_subset":"","ocean_menu_typo_font_size":0,"ocean_menu_typo_font_size_tablet":0,"ocean_menu_typo_font_size_mobile":0,"ocean_menu_typo_font_size_unit":"px","ocean_menu_typo_font_weight":"","ocean_menu_typo_font_weight_tablet":"","ocean_menu_typo_font_weight_mobile":"","ocean_menu_typo_transform":"","ocean_menu_typo_transform_tablet":"","ocean_menu_typo_transform_mobile":"","ocean_menu_typo_line_height":0,"ocean_menu_typo_line_height_tablet":0,"ocean_menu_typo_line_height_mobile":0,"ocean_menu_typo_line_height_unit":"","ocean_menu_typo_spacing":0,"ocean_menu_typo_spacing_tablet":0,"ocean_menu_typo_spacing_mobile":0,"ocean_menu_typo_spacing_unit":"","ocean_menu_link_color":"","ocean_menu_link_color_hover":"","ocean_menu_link_color_active":"","ocean_menu_link_background":"","ocean_menu_link_hover_background":"","ocean_menu_link_active_background":"","ocean_menu_social_links_bg":"","ocean_menu_social_hover_links_bg":"","ocean_menu_social_links_color":"","ocean_menu_social_hover_links_color":"","ocean_disable_title":"default","ocean_disable_heading":"default","ocean_post_title":"","ocean_post_subheading":"","ocean_post_title_style":"","ocean_post_title_background_color":"","ocean_post_title_background":0,"ocean_post_title_bg_image_position":"","ocean_post_title_bg_image_attachment":"","ocean_post_title_bg_image_repeat":"","ocean_post_title_bg_image_size":"","ocean_post_title_height":0,"ocean_post_title_bg_overlay":0.5,"ocean_post_title_bg_overlay_color":"","ocean_disable_breadcrumbs":"default","ocean_breadcrumbs_color":"","ocean_breadcrumbs_separator_color":"","ocean_breadcrumbs_links_color":"","ocean_breadcrumbs_links_hover_color":"","ocean_display_footer_widgets":"default","ocean_display_footer_bottom":"default","ocean_custom_footer_template":"","footnotes":""},"class_list":["post-1257","page","type-page","status-publish","hentry","entry"],"_links":{"self":[{"href":"https:\/\/finanzionag.com\/index.php?rest_route=\/wp\/v2\/pages\/1257","targetHints":{"allow":["GET"]}}],"collection":[{"href":"https:\/\/finanzionag.com\/index.php?rest_route=\/wp\/v2\/pages"}],"about":[{"href":"https:\/\/finanzionag.com\/index.php?rest_route=\/wp\/v2\/types\/page"}],"author":[{"embeddable":true,"href":"https:\/\/finanzionag.com\/index.php?rest_route=\/wp\/v2\/users\/1"}],"replies":[{"embeddable":true,"href":"https:\/\/finanzionag.com\/index.php?rest_route=%2Fwp%2Fv2%2Fcomments&post=1257"}],"version-history":[{"count":14,"href":"https:\/\/finanzionag.com\/index.php?rest_route=\/wp\/v2\/pages\/1257\/revisions"}],"predecessor-version":[{"id":2487,"href":"https:\/\/finanzionag.com\/index.php?rest_route=\/wp\/v2\/pages\/1257\/revisions\/2487"}],"wp:attachment":[{"href":"https:\/\/finanzionag.com\/index.php?rest_route=%2Fwp%2Fv2%2Fmedia&parent=1257"}],"curies":[{"name":"wp","href":"https:\/\/api.w.org\/{rel}","templated":true}]}}